{"id":12,"date":"2023-09-09T16:19:28","date_gmt":"2023-09-09T16:19:28","guid":{"rendered":"https:\/\/aiero.mx\/?page_id=12"},"modified":"2024-01-20T03:40:16","modified_gmt":"2024-01-20T03:40:16","slug":"contacto","status":"publish","type":"page","link":"https:\/\/aiero.mx\/?page_id=12","title":{"rendered":"Contacto"},"content":{"rendered":"<p>[et_pb_section fb_built=&#8221;1&#8243; custom_padding_last_edited=&#8221;on|phone&#8221; admin_label=&#8221;Contact form&#8221; _builder_version=&#8221;4.18.0&#8243; _module_preset=&#8221;default&#8221; use_background_color_gradient=&#8221;on&#8221; background_color_gradient_stops=&#8221;rgba(255,255,255,0.55) 0%|rgba(255,255,255,0.9) 100%&#8221; background_color_gradient_overlays_image=&#8221;on&#8221; background_image=&#8221;http:\/\/aiero.mx\/wp-content\/uploads\/2023\/09\/family-doctor-035.png&#8221; background_size=&#8221;initial&#8221; background_position=&#8221;top_center&#8221; background_repeat=&#8221;repeat&#8221; custom_padding=&#8221;126px||126px||true|false&#8221; custom_padding_tablet=&#8221;80px||80px||true|false&#8221; custom_padding_phone=&#8221;50px||50px||true|false&#8221; locked=&#8221;off&#8221; global_colors_info=&#8221;{}&#8221;][et_pb_row _builder_version=&#8221;4.18.0&#8243; _module_preset=&#8221;default&#8221; global_colors_info=&#8221;{}&#8221;][et_pb_column type=&#8221;4_4&#8243; _builder_version=&#8221;4.18.0&#8243; _module_preset=&#8221;default&#8221; global_colors_info=&#8221;{}&#8221;][et_pb_text _builder_version=&#8221;4.18.0&#8243; _module_preset=&#8221;default&#8221; header_font=&#8221;Poppins|600|||||||&#8221; header_text_color=&#8221;#005450&#8243; header_font_size=&#8221;50px&#8221; header_line_height=&#8221;1.2em&#8221; text_orientation=&#8221;center&#8221; custom_margin=&#8221;||38px|||&#8221; header_font_size_tablet=&#8221;40px&#8221; header_font_size_phone=&#8221;24px&#8221; header_font_size_last_edited=&#8221;on|phone&#8221; locked=&#8221;off&#8221; global_colors_info=&#8221;{}&#8221;]<\/p>\n<h1 style=\"text-align: center;\"><strong>Informaci\u00f3n de Contacto<\/strong><\/h1>\n<p>[\/et_pb_text][\/et_pb_column][\/et_pb_row][et_pb_row column_structure=&#8221;1_2,1_2&#8243; use_custom_gutter=&#8221;on&#8221; gutter_width=&#8221;1&#8243; make_equal=&#8221;on&#8221; _builder_version=&#8221;4.16&#8243; _module_preset=&#8221;default&#8221; custom_padding=&#8221;0px||0px||true|false&#8221; animation_style=&#8221;flip&#8221; animation_direction=&#8221;top&#8221; animation_duration=&#8221;500ms&#8221; animation_intensity_flip=&#8221;10%&#8221; border_radii=&#8221;off|40px|||&#8221; border_radii_tablet=&#8221;&#8221; border_radii_phone=&#8221;off|20px|||&#8221; border_radii_last_edited=&#8221;on|phone&#8221; locked=&#8221;off&#8221; global_colors_info=&#8221;{}&#8221;][et_pb_column type=&#8221;1_2&#8243; saved_specialty_column_type=&#8221;2_3&#8243; _builder_version=&#8221;4.16&#8243; _module_preset=&#8221;default&#8221; background_color=&#8221;#aacd70&#8243; custom_padding=&#8221;40px|30px|40px|30px|true|true&#8221; custom_padding_tablet=&#8221;30px|30px|30px|30px|true|true&#8221; custom_padding_phone=&#8221;20px|20px|20px|20px|true|true&#8221; custom_padding_last_edited=&#8221;on|phone&#8221; global_colors_info=&#8221;{}&#8221;][et_pb_blurb use_icon=&#8221;on&#8221; font_icon=&#8221;&#xf0f1;||fa||900&#8243; icon_color=&#8221;#002725&#8243; image_icon_background_color=&#8221;rgba(0,39,37,0.1)&#8221; image_icon_width=&#8221;18px&#8221; content_max_width=&#8221;100%&#8221; _builder_version=&#8221;4.22.1&#8243; _module_preset=&#8221;default&#8221; header_font=&#8221;Work Sans||||||||&#8221; header_text_color=&#8221;#002725&#8243; header_font_size=&#8221;16px&#8221; header_line_height=&#8221;1.2em&#8221; body_font=&#8221;Poppins|600|||||||&#8221; body_text_color=&#8221;#002725&#8243; body_font_size=&#8221;15px&#8221; body_line_height=&#8221;1.6em&#8221; body_link_text_color=&#8221;#002725&#8243; image_icon_custom_padding=&#8221;25px|25px|25px|25px|false|false&#8221; text_orientation=&#8221;center&#8221; custom_padding=&#8221;||0px|||&#8221; animation=&#8221;off&#8221; header_font_size_tablet=&#8221;&#8221; header_font_size_phone=&#8221;14px&#8221; header_font_size_last_edited=&#8221;on|phone&#8221; body_font_size_tablet=&#8221;18px&#8221; body_font_size_phone=&#8221;16px&#8221; body_font_size_last_edited=&#8221;on|phone&#8221; border_radii_image=&#8221;on|100%|100%|100%|100%&#8221; icon_font_size=&#8221;18px&#8221; use_circle=&#8221;on&#8221; circle_color=&#8221;rgba(0,39,37,0.1)&#8221; locked=&#8221;off&#8221; global_colors_info=&#8221;{}&#8221; image_icon_background_color__sticky_enabled=&#8221;#7EBEC5&#8243; image_icon_background_color__sticky=&#8221;#7EBEC5&#8243;]<\/p>\n<h4><span style=\"color: #000000;\"><b><\/b><\/span><\/h4>\n<h4><span style=\"color: #000000;\"><b>REUMATOLOG\u00cdA<\/b><\/span><\/h4>\n<p>Dra. Anna Sof\u00eda Vargas Avil\u00e9s<span style=\"color: #000000;\"><b><\/b><\/span><\/p>\n<p><a href=\"https:\/\/www.doctoralia.com.mx\/anna-sofia-vargas-aviles\/internista-reumatologo\/ciudad-de-mexico#tab=profile-info\"><span style=\"text-decoration: underline;\">Doctoralia<\/span><\/a><\/p>\n<p><span style=\"text-decoration: underline;\"><a href=\"mailto:vargasreumatolog\u00eda@gmail.com\">vargasreumatologia@gmail.com<\/a><\/span><\/p>\n<p>Tel\u00e9fono Hospital Dalinde: (55)29603094\/\u00a0<span style=\"text-decoration: underline;\"><\/span><\/p>\n<p>5552652800 Ext. 1500 y 1505<\/p>\n<p>Tel\u00e9fono Cl\u00ednica Xola: 5556392820<\/p>\n<p>[\/et_pb_blurb][\/et_pb_column][et_pb_column type=&#8221;1_2&#8243; saved_specialty_column_type=&#8221;2_3&#8243; _builder_version=&#8221;4.16&#8243; _module_preset=&#8221;default&#8221; background_color=&#8221;#2e987d&#8221; custom_padding=&#8221;40px|30px|40px|30px|true|true&#8221; custom_padding_tablet=&#8221;30px|30px|30px|30px|true|true&#8221; custom_padding_phone=&#8221;20px|20px|20px|20px|true|true&#8221; custom_padding_last_edited=&#8221;on|phone&#8221; global_colors_info=&#8221;{}&#8221;][et_pb_blurb use_icon=&#8221;on&#8221; font_icon=&#8221;&#xf0f1;||fa||900&#8243; icon_color=&#8221;#ffffff&#8221; image_icon_background_color=&#8221;rgba(255,255,255,0.1)&#8221; image_icon_width=&#8221;18px&#8221; content_max_width=&#8221;100%&#8221; _builder_version=&#8221;4.22.1&#8243; _module_preset=&#8221;default&#8221; header_font=&#8221;Work Sans||||||||&#8221; header_font_size=&#8221;16px&#8221; header_line_height=&#8221;1.2em&#8221; body_font=&#8221;Poppins|600|||||||&#8221; body_text_color=&#8221;#FFFFFF&#8221; body_font_size=&#8221;16px&#8221; body_line_height=&#8221;1.6em&#8221; image_icon_custom_padding=&#8221;25px|25px|25px|25px|false|false&#8221; text_orientation=&#8221;center&#8221; background_layout=&#8221;dark&#8221; custom_padding=&#8221;||0px|||&#8221; animation=&#8221;off&#8221; header_font_size_tablet=&#8221;&#8221; header_font_size_phone=&#8221;14px&#8221; header_font_size_last_edited=&#8221;on|phone&#8221; body_font_size_tablet=&#8221;18px&#8221; body_font_size_phone=&#8221;16px&#8221; body_font_size_last_edited=&#8221;on|phone&#8221; border_radii_image=&#8221;on|100%|100%|100%|100%&#8221; icon_font_size=&#8221;18px&#8221; use_circle=&#8221;on&#8221; circle_color=&#8221;rgba(255,255,255,0.1)&#8221; locked=&#8221;off&#8221; global_colors_info=&#8221;{}&#8221; image_icon_background_color__sticky_enabled=&#8221;#7EBEC5&#8243; image_icon_background_color__sticky=&#8221;#7EBEC5&#8243;]<\/p>\n<p><strong>BARIATRA<\/strong><\/p>\n<p><span style=\"color: #ffffff;\">Dra. Guadalupe Fonz Mas<\/span><\/p>\n<p><span style=\"color: #ffffff;\"><span style=\"text-decoration: underline;\"><a href=\"mailto:guadalupefonzmas@hotmail.com\" style=\"color: #ffffff; text-decoration: underline;\">guadalupefonzmas@hotmail.com<\/a><\/span><\/span><\/p>\n<p style=\"text-align: center;\"><span style=\"text-decoration: underline; color: #ffffff;\"><span><\/span><\/span><\/p>\n<p style=\"text-align: center;\"><span style=\"color: #ffffff;\">Whatsapp: <span style=\"text-decoration: underline;\"><a href=\"https:\/\/wa.me\/525527623733?text=Hola,%20mi%20nombre%20es%20\" style=\"color: #ffffff; text-decoration: underline;\">(55) 2762 3733<\/a><\/span><\/span><\/p>\n<p>[\/et_pb_blurb][\/et_pb_column][\/et_pb_row][et_pb_row use_custom_gutter=&#8221;on&#8221; gutter_width=&#8221;1&#8243; make_equal=&#8221;on&#8221; _builder_version=&#8221;4.18.0&#8243; _module_preset=&#8221;default&#8221; custom_margin=&#8221;|auto|82px|auto||&#8221; custom_padding=&#8221;0px||0px||true|false&#8221; animation_style=&#8221;flip&#8221; animation_direction=&#8221;top&#8221; animation_duration=&#8221;500ms&#8221; animation_intensity_flip=&#8221;10%&#8221; border_radii=&#8221;off|||40px|&#8221; border_radii_tablet=&#8221;&#8221; border_radii_phone=&#8221;off|||20px|&#8221; border_radii_last_edited=&#8221;on|phone&#8221; locked=&#8221;off&#8221; global_colors_info=&#8221;{}&#8221;][et_pb_column type=&#8221;4_4&#8243; saved_specialty_column_type=&#8221;2_3&#8243; _builder_version=&#8221;4.16&#8243; _module_preset=&#8221;default&#8221; background_color=&#8221;#002725&#8243; custom_padding=&#8221;40px|30px|40px|30px|true|true&#8221; custom_padding_tablet=&#8221;30px|30px|30px|30px|true|true&#8221; custom_padding_phone=&#8221;20px|20px|20px|20px|true|true&#8221; custom_padding_last_edited=&#8221;on|phone&#8221; global_colors_info=&#8221;{}&#8221;][et_pb_blurb title=&#8221;HORARIOS Y UBICACIONES&#8221; use_icon=&#8221;on&#8221; font_icon=&#8221;&#xe06b;||divi||400&#8243; icon_color=&#8221;#ffffff&#8221; image_icon_background_color=&#8221;rgba(255,255,255,0.1)&#8221; image_icon_width=&#8221;18px&#8221; content_max_width=&#8221;100%&#8221; _builder_version=&#8221;4.22.1&#8243; _module_preset=&#8221;default&#8221; header_font=&#8221;Work Sans||||||||&#8221; header_font_size=&#8221;16px&#8221; header_line_height=&#8221;1.2em&#8221; body_font=&#8221;Poppins|600|||||||&#8221; body_text_align=&#8221;center&#8221; body_text_color=&#8221;rgba(255,255,255,0.68)&#8221; body_font_size=&#8221;15px&#8221; body_line_height=&#8221;1.6em&#8221; image_icon_custom_padding=&#8221;25px|25px|25px|25px|false|false&#8221; text_orientation=&#8221;center&#8221; background_layout=&#8221;dark&#8221; custom_padding=&#8221;0px|16px||19px|false|false&#8221; animation=&#8221;off&#8221; hover_enabled=&#8221;0&#8243; header_font_size_tablet=&#8221;&#8221; header_font_size_phone=&#8221;14px&#8221; header_font_size_last_edited=&#8221;on|phone&#8221; body_font_size_tablet=&#8221;18px&#8221; body_font_size_phone=&#8221;16px&#8221; body_font_size_last_edited=&#8221;on|phone&#8221; border_radii_image=&#8221;on|100%|100%|100%|100%&#8221; icon_font_size=&#8221;18px&#8221; use_circle=&#8221;on&#8221; circle_color=&#8221;rgba(255,255,255,0.1)&#8221; locked=&#8221;off&#8221; global_colors_info=&#8221;{}&#8221; image_icon_background_color__sticky_enabled=&#8221;#7EBEC5&#8243; image_icon_background_color__sticky=&#8221;#7EBEC5&#8243; sticky_enabled=&#8221;0&#8243;]<\/p>\n<div class=\"et_pb_blurb_content\">\n<div class=\"et_pb_blurb_container\">\n<div class=\"et_pb_blurb_description\">\n<div data-shortcode-id=\"6.0.2.0.0-1705721797599\" data-quickaccess-id=\"body\" data-quickaccess-editable=\"yes\" class=\"et-fb-popover-tinymce\">\n<div class=\"mce-content-body\" contenteditable=\"true\" style=\"position: relative;\">\n<h4 style=\"text-align: left;\"><span style=\"color: #ffffff;\"><strong><\/strong><\/span><\/h4>\n<h4 style=\"text-align: left;\"><span style=\"color: #ffffff;\"><strong><\/strong><\/span><\/h4>\n<h4 style=\"text-align: left;\"><span style=\"color: #ffffff;\"><strong><\/strong><\/span><\/h4>\n<h4 style=\"text-align: left;\"><span style=\"color: #ffffff;\"><strong><\/strong><\/span><\/h4>\n<h4 style=\"text-align: left;\"><span style=\"color: #ffffff;\"><strong>REUMATOLOG\u00cdA<\/strong><\/span><\/h4>\n<p style=\"text-align: left;\"><span style=\"color: #ffffff;\">Hospital Dalinde: Martes 17:30-19:00 hrs.<span style=\"text-decoration: underline;\"><\/span><\/span><\/p>\n<p style=\"text-align: left;\"><span style=\"color: #ffffff;\">S\u00e1bados 9:00-13:00 hrs. <span style=\"text-decoration: underline;\"><a href=\"https:\/\/goo.gl\/maps\/hgdKDqU2RnScKUd3A\" style=\"color: #ffffff; text-decoration: underline;\">Tuxpan 28, Col. Roma CDMX.<\/a><\/span><\/span><\/p>\n<p style=\"text-align: left;\"><span style=\"color: #ffffff;\">Cl\u00ednica Xola: Jueves 17:00-19:00 hrs.\u00a0 Viernes 17:00-19:00 hrs. <span style=\"text-decoration: underline;\"><a href=\"https:\/\/goo.gl\/maps\/STqbcrB7WBPKMJ7o7\" style=\"color: #ffffff; text-decoration: underline;\">Xola 1011, Col. Narvarte CDMX.<\/a><\/span><\/span><\/p>\n<h4 style=\"text-align: left;\"><span style=\"color: #ffffff;\"><strong><\/strong><\/span><\/h4>\n<h4 style=\"text-align: left;\"><strong><span style=\"color: #ffffff;\">BARIATR\u00cdA<\/span><\/strong><\/h4>\n<p style=\"text-align: left;\"><span style=\"color: #ffffff;\">Martes a Jueves 15:30- 18:00 hrs.<\/span><\/p>\n<p style=\"text-align: left;\"><span style=\"color: #ffffff;\">S\u00e1bados de 8:00-13:00 hrs. <span style=\"text-decoration: underline;\"><a href=\"https:\/\/goo.gl\/maps\/STqbcrB7WBPKMJ7o7\" style=\"color: #ffffff; text-decoration: underline;\">Xola 1011, Col. Narvarte CDMX.<\/a><\/span><\/span><\/p>\n<\/div>\n<\/div>\n<\/div>\n<\/div>\n<\/div>\n<p>[\/et_pb_blurb][\/et_pb_column][\/et_pb_row][\/et_pb_section]<\/p>\n","protected":false},"excerpt":{"rendered":"<p>Informaci\u00f3n de Contacto REUMATOLOG\u00cdA Dra. Anna Sof\u00eda Vargas Avil\u00e9s Doctoralia vargasreumatologia@gmail.com Tel\u00e9fono Hospital Dalinde: (55)29603094\/\u00a0 5552652800 Ext. 1500 y 1505 Tel\u00e9fono Cl\u00ednica Xola: 5556392820BARIATRA Dra. Guadalupe Fonz Mas guadalupefonzmas@hotmail.com Whatsapp: (55) 2762 3733 REUMATOLOG\u00cdA Hospital Dalinde: Martes 17:30-19:00 hrs. S\u00e1bados 9:00-13:00 hrs. Tuxpan 28, Col. Roma CDMX. Cl\u00ednica Xola: Jueves 17:00-19:00 hrs.\u00a0 Viernes 17:00-19:00 hrs. [&hellip;]<\/p>\n","protected":false},"author":1,"featured_media":0,"parent":0,"menu_order":0,"comment_status":"closed","ping_status":"closed","template":"","meta":{"_et_pb_use_builder":"on","_et_pb_old_content":"","_et_gb_content_width":"","footnotes":""},"_links":{"self":[{"href":"https:\/\/aiero.mx\/index.php?rest_route=\/wp\/v2\/pages\/12"}],"collection":[{"href":"https:\/\/aiero.mx\/index.php?rest_route=\/wp\/v2\/pages"}],"about":[{"href":"https:\/\/aiero.mx\/index.php?rest_route=\/wp\/v2\/types\/page"}],"author":[{"embeddable":true,"href":"https:\/\/aiero.mx\/index.php?rest_route=\/wp\/v2\/users\/1"}],"replies":[{"embeddable":true,"href":"https:\/\/aiero.mx\/index.php?rest_route=%2Fwp%2Fv2%2Fcomments&post=12"}],"version-history":[{"count":9,"href":"https:\/\/aiero.mx\/index.php?rest_route=\/wp\/v2\/pages\/12\/revisions"}],"predecessor-version":[{"id":152,"href":"https:\/\/aiero.mx\/index.php?rest_route=\/wp\/v2\/pages\/12\/revisions\/152"}],"wp:attachment":[{"href":"https:\/\/aiero.mx\/index.php?rest_route=%2Fwp%2Fv2%2Fmedia&parent=12"}],"curies":[{"name":"wp","href":"https:\/\/api.w.org\/{rel}","templated":true}]}}